{"id":265,"date":"2022-12-15T17:21:07","date_gmt":"2022-12-15T16:21:07","guid":{"rendered":"https:\/\/cfnccorgirnon.com\/f4gtg\/couteaux\/?page_id=265"},"modified":"2023-05-08T20:57:55","modified_gmt":"2023-05-08T18:57:55","slug":"histoire-des-couteaux-de-tony-n","status":"publish","type":"page","link":"https:\/\/cfnccorgirnon.com\/f4gtg\/couteaux\/index.php\/histoire-des-couteaux-de-tony-n\/","title":{"rendered":"Histoire des Couteaux de Tony N"},"content":{"rendered":"<p>&nbsp;<\/p>\n<p style=\"text-align: center;\">\u00a0\u00a0\u00a0\u00a0\u00a0\u00a0\u00a0\u00a0\u00a0\u00a0\u00a0 Tout \u00e0 commenc\u00e9 le 25 f\u00e9vrier \u00a02020 passionn\u00e9 de couteaux depuis bien longtemps manuel et autodidacte je me suis lanc\u00e9 le d\u00e9fi de fabriquer mon propre couteau, je me suis document\u00e9 sur internet pour savoir le mat\u00e9riel qu\u2019il me fallait pour fabriquer des couteaux.<\/p>\n<p style=\"text-align: center;\">J\u2019ai entrepris la fabrication d\u2019un backstand de coutellerie , d\u2019une forge \u00e0 gaz , trouver une enclume et un touret .<\/p>\n<p style=\"text-align: center;\">Le 20 mars 2020 j\u2019ai fabriqu\u00e9 mon tout premier couteau fixe et le 3 avril 2020 mon tout\u00a0 premier couteau pliant \u00e0 cran forc\u00e9 que j\u2019ai soigneusement gard\u00e9.<\/p>\n<p style=\"text-align: center;\">Pendant mon temps libre j\u2019ai enchain\u00e9 quelques couteaux que je donnais \u00e0 mes amis proches.<\/p>\n<p style=\"text-align: center;\">Le 01 d\u00e9cembre 2020 je d\u00e9cide de me d\u00e9clarer comme artiste libre pour\u00a0 la vente de mes couteaux.<\/p>\n<p style=\"text-align: center;\">Il fallait que je me perfectionne dans mes fabrications de couteaux, en cherchant sur Facebook j\u2019ai trouv\u00e9 un coutelier en Haute Savoie\u00a0 (la Berch\u00e8re) qui \u00a0faisait des stages de coutellerie , le 10 et 11 f\u00e9vrier 2021 j\u2019ai effectu\u00e9 2 jours de stage ou j\u2019ai appris les bases puis j\u2019ai forg\u00e9 mes tous premiers couteaux.<\/p>\n<p style=\"text-align: center;\">Ma motivation principale n\u2019\u00e9tait pas que de fabriquer des couteaux mais acqu\u00e9rir des techniques et des connaissances m\u00e9tallurgiques plus complexes.<\/p>\n<p style=\"text-align: center;\">Le 23 avril 2021, je forgeais ma premier lame avec de l\u2019acier carbone et du nickel pure dans la lame d\u00e9fi r\u00e9ussi.<\/p>\n<p style=\"text-align: center;\">Toujours l\u2019envie de d\u00e9couvrir encore d\u2019autres techniques de forge je me suis donn\u00e9 le d\u00e9fi de r\u00e9aliser une lame acier carbone avec une ligne de cuivre\u00a0!.<\/p>\n<p style=\"text-align: center;\">\u00a0Mais l\u00e0, le niveau \u00e9tait plus difficile, j\u2019ai fait beaucoup d\u2019essais sans r\u00e9ussite, j\u2019ai fini par\u00a0 demander de l\u2019aide , on m\u2019a conseill\u00e9 une personne qui avait un tr\u00e8s bon niveau en forge etc .<\/p>\n<p style=\"text-align: center;\">J\u2019ai pris contact avec cette personne \u00a0qui m\u2019a beaucoup questionn\u00e9\u00a0 sur ma fa\u00e7on de fabriquer cette lame avec une ligne de cuivre.<\/p>\n<p style=\"text-align: center;\">\u00a0Apr\u00e8s maintes discussions et conseils j\u2019ai fait deux essais le 31 Mai 2021 \u00a0j\u2019ai enfin r\u00e9ussi ma premiere lame avec une ligne de cuivre gr\u00e2ce \u00e0 Eric .<\/p>\n<p style=\"text-align: center;\">\u00a0Mr Gargiulo Eric (luciefer) devenait mon Maitre de forge car un feeling passait entre nous et\u00a0 ainsi commen\u00e7a l\u2019aventure .<\/p>\n<p style=\"text-align: center;\">Le 23 juin 2021 forgeage d\u2019une lame\u00a0 \u00a0avec de l\u2019inox\u00a0 qui est un sandinox .<\/p>\n<p style=\"text-align: center;\">Le 27 juin 2021 forgeage d\u2019une lame\u00a0 avec une ligne de nickel pure et une ligne de cuivre de chaque cot\u00e9 de la lame\u00a0 baptis\u00e9e Nick Copper.<\/p>\n<p style=\"text-align: center;\">Le 19 Ao\u00fbt 2021 forgeage d\u2019une lame avec une ligne de nickel pure \u00e0 gauche et une ligne de cuivre \u00e0 droite baptis\u00e9e le Janus .<\/p>\n<p style=\"text-align: center;\">Le 6 septembre 2021 forgeage d\u2019une lame\u00a0 avec une ligne de nickel pure \/ cuivre \/ nickel pure de chaque cot\u00e9 de la lame\u00a0 baptis\u00e9e le Bikini .<\/p>\n<p style=\"text-align: center;\">Le 4 Octobre 2021 forgeage d\u2019une lame\u00a0 avec une ligne cuivre\/ nickel ( sur la meme ligne)\u00a0 \u00e0 gauche et nickel \/cuivre \u00a0\u00e0 droite\u00a0 baptis\u00e9e Copperfield .<\/p>\n<p style=\"text-align: center;\">Le 6 Octobre 2021 forgeage d\u2019une lame\u00a0 avec une ligne cuivre \/ nickel \/ cuivre de chaque cot\u00e9 baptis\u00e9e Bicuni.<\/p>\n<p style=\"text-align: center;\">Tout ces essais jusqu\u2019\u00e0 la r\u00e9alisation finale ont co\u00fbt\u00e9 beaucoup d\u2019investissement tant personnel que financier.<\/p>\n<p style=\"text-align: center;\">Mais quelle satisfaction de r\u00e9ussir chaque projet jusqu\u2019\u00e0 l\u2019aboutissement pour le sandwich argent que je pense \u00eatre un des seuls \u00e0 r\u00e9aliser dans le milieu de la coutellerie a ma connaissance.<\/p>\n<p style=\"text-align: center;\"><img loading=\"lazy\" decoding=\"async\" class=\"aligncenter size-full wp-image-277\" src=\"https:\/\/cfnccorgirnon.com\/f4gtg\/couteaux\/wp-content\/uploads\/2022\/12\/20221215_174532.jpg\" alt=\"\" width=\"664\" height=\"431\" srcset=\"https:\/\/cfnccorgirnon.com\/f4gtg\/couteaux\/wp-content\/uploads\/2022\/12\/20221215_174532.jpg 664w, https:\/\/cfnccorgirnon.com\/f4gtg\/couteaux\/wp-content\/uploads\/2022\/12\/20221215_174532-600x389.jpg 600w, https:\/\/cfnccorgirnon.com\/f4gtg\/couteaux\/wp-content\/uploads\/2022\/12\/20221215_174532-300x195.jpg 300w, https:\/\/cfnccorgirnon.com\/f4gtg\/couteaux\/wp-content\/uploads\/2022\/12\/20221215_174532-185x120.jpg 185w\" sizes=\"auto, (max-width: 664px) 100vw, 664px\" \/><\/p>\n<h4 style=\"text-align: center;\">Eric me dit maintenant nous allons franchir une \u00e9tape sup\u00e9rieure et couteuse\u00a0!<\/h4>\n<p style=\"text-align: center;\"><img loading=\"lazy\" decoding=\"async\" class=\"aligncenter size-medium_large wp-image-77\" src=\"https:\/\/cfnccorgirnon.com\/f4gtg\/couteaux\/wp-content\/uploads\/2022\/12\/20220624_204920-768x395.jpg\" alt=\"\" width=\"768\" height=\"395\" srcset=\"https:\/\/cfnccorgirnon.com\/f4gtg\/couteaux\/wp-content\/uploads\/2022\/12\/20220624_204920-768x395.jpg 768w, https:\/\/cfnccorgirnon.com\/f4gtg\/couteaux\/wp-content\/uploads\/2022\/12\/20220624_204920-600x309.jpg 600w, https:\/\/cfnccorgirnon.com\/f4gtg\/couteaux\/wp-content\/uploads\/2022\/12\/20220624_204920-300x154.jpg 300w, https:\/\/cfnccorgirnon.com\/f4gtg\/couteaux\/wp-content\/uploads\/2022\/12\/20220624_204920-1024x527.jpg 1024w, https:\/\/cfnccorgirnon.com\/f4gtg\/couteaux\/wp-content\/uploads\/2022\/12\/20220624_204920-1536x791.jpg 1536w, https:\/\/cfnccorgirnon.com\/f4gtg\/couteaux\/wp-content\/uploads\/2022\/12\/20220624_204920-233x120.jpg 233w, https:\/\/cfnccorgirnon.com\/f4gtg\/couteaux\/wp-content\/uploads\/2022\/12\/20220624_204920.jpg 1703w\" sizes=\"auto, (max-width: 768px) 100vw, 768px\" \/><\/p>\n<h2 style=\"text-align: center;\">Une premi\u00e8re mondiale dans la coutellerie<\/h2>\n<h3 style=\"text-align: center;\">Une lame avec une ligne d\u2019Argent pur baptis\u00e9e Argyros (\u00a0 Nancey Tony\u00a0 &#8211; \u00a0Gargiulo Eric \u00ab\u00a0luciefer\u00a0\u00bb )<\/h3>\n<p style=\"text-align: center;\">Le 9 octobre 2021 forgeage \u00a0de la premi\u00e8re lame avec une ligne d\u2019Argent pur baptis\u00e9e Argyros\u00a0 ( A0 ) Gargiulo Eric<\/p>\n<p style=\"text-align: center;\">Le 10 Mars 2022 forgeage deuxi\u00e8me \u00a0lame \u00a0avec une ligne d\u2019Argent pur baptis\u00e9e Argyros\u00a0 ( A1) Nancey Tony<\/p>\n<p style=\"text-align: center;\"><img loading=\"lazy\" decoding=\"async\" class=\"aligncenter size-medium_large wp-image-212\" src=\"https:\/\/cfnccorgirnon.com\/f4gtg\/couteaux\/wp-content\/uploads\/2022\/11\/20220310_171415-768x506.jpg\" sizes=\"auto, (max-width: 768px) 100vw, 768px\" srcset=\"https:\/\/cfnccorgirnon.com\/f4gtg\/couteaux\/wp-content\/uploads\/2022\/11\/20220310_171415-768x506.jpg 768w, https:\/\/cfnccorgirnon.com\/f4gtg\/couteaux\/wp-content\/uploads\/2022\/11\/20220310_171415-300x198.jpg 300w, https:\/\/cfnccorgirnon.com\/f4gtg\/couteaux\/wp-content\/uploads\/2022\/11\/20220310_171415-1024x675.jpg 1024w, https:\/\/cfnccorgirnon.com\/f4gtg\/couteaux\/wp-content\/uploads\/2022\/11\/20220310_171415-1536x1012.jpg 1536w, https:\/\/cfnccorgirnon.com\/f4gtg\/couteaux\/wp-content\/uploads\/2022\/11\/20220310_171415-2048x1349.jpg 2048w, https:\/\/cfnccorgirnon.com\/f4gtg\/couteaux\/wp-content\/uploads\/2022\/11\/20220310_171415-182x120.jpg 182w\" alt=\"\" width=\"768\" height=\"506\" \/><\/p>\n<p style=\"text-align: center;\">Le 15 Ao\u00fbt 2022 forgeage troisi\u00e8me\u00a0 \u00a0lame avec une ligne d\u2019Argent pur baptis\u00e9e Argyros\u00a0 ( A2)<\/p>\n<p style=\"text-align: center;\"><img loading=\"lazy\" decoding=\"async\" class=\"aligncenter size-medium_large wp-image-209\" src=\"https:\/\/cfnccorgirnon.com\/f4gtg\/couteaux\/wp-content\/uploads\/2022\/11\/20220624_202025-768x433.jpg\" sizes=\"auto, (max-width: 768px) 100vw, 768px\" srcset=\"https:\/\/cfnccorgirnon.com\/f4gtg\/couteaux\/wp-content\/uploads\/2022\/11\/20220624_202025-768x433.jpg 768w, https:\/\/cfnccorgirnon.com\/f4gtg\/couteaux\/wp-content\/uploads\/2022\/11\/20220624_202025-300x169.jpg 300w, https:\/\/cfnccorgirnon.com\/f4gtg\/couteaux\/wp-content\/uploads\/2022\/11\/20220624_202025-1024x577.jpg 1024w, https:\/\/cfnccorgirnon.com\/f4gtg\/couteaux\/wp-content\/uploads\/2022\/11\/20220624_202025-1536x866.jpg 1536w, https:\/\/cfnccorgirnon.com\/f4gtg\/couteaux\/wp-content\/uploads\/2022\/11\/20220624_202025-2048x1154.jpg 2048w, https:\/\/cfnccorgirnon.com\/f4gtg\/couteaux\/wp-content\/uploads\/2022\/11\/20220624_202025-213x120.jpg 213w\" alt=\"\" width=\"768\" height=\"433\" \/><\/p>\n<p style=\"text-align: center;\">Le 16 Avril 2023 forgeage quatri\u00e8me\u00a0 \u00a0lame avec une ligne d\u2019Argent pur baptis\u00e9e Argyros\u00a0 ( A3)<\/p>\n<p style=\"text-align: center;\"><img loading=\"lazy\" decoding=\"async\" class=\"aligncenter size-medium_large wp-image-434\" src=\"https:\/\/cfnccorgirnon.com\/f4gtg\/couteaux\/wp-content\/uploads\/2023\/04\/A3-COUTEAU1-768x576.jpg\" alt=\"\" width=\"768\" height=\"576\" srcset=\"https:\/\/cfnccorgirnon.com\/f4gtg\/couteaux\/wp-content\/uploads\/2023\/04\/A3-COUTEAU1-768x576.jpg 768w, https:\/\/cfnccorgirnon.com\/f4gtg\/couteaux\/wp-content\/uploads\/2023\/04\/A3-COUTEAU1-600x450.jpg 600w, https:\/\/cfnccorgirnon.com\/f4gtg\/couteaux\/wp-content\/uploads\/2023\/04\/A3-COUTEAU1-300x225.jpg 300w, https:\/\/cfnccorgirnon.com\/f4gtg\/couteaux\/wp-content\/uploads\/2023\/04\/A3-COUTEAU1-1024x768.jpg 1024w, https:\/\/cfnccorgirnon.com\/f4gtg\/couteaux\/wp-content\/uploads\/2023\/04\/A3-COUTEAU1-1536x1152.jpg 1536w, https:\/\/cfnccorgirnon.com\/f4gtg\/couteaux\/wp-content\/uploads\/2023\/04\/A3-COUTEAU1-160x120.jpg 160w, https:\/\/cfnccorgirnon.com\/f4gtg\/couteaux\/wp-content\/uploads\/2023\/04\/A3-COUTEAU1.jpg 2048w\" sizes=\"auto, (max-width: 768px) 100vw, 768px\" \/> <img loading=\"lazy\" decoding=\"async\" class=\"aligncenter size-medium_large wp-image-435\" src=\"https:\/\/cfnccorgirnon.com\/f4gtg\/couteaux\/wp-content\/uploads\/2023\/04\/A3-COUTEAU-768x576.jpg\" alt=\"\" width=\"768\" height=\"576\" srcset=\"https:\/\/cfnccorgirnon.com\/f4gtg\/couteaux\/wp-content\/uploads\/2023\/04\/A3-COUTEAU-768x576.jpg 768w, https:\/\/cfnccorgirnon.com\/f4gtg\/couteaux\/wp-content\/uploads\/2023\/04\/A3-COUTEAU-600x450.jpg 600w, https:\/\/cfnccorgirnon.com\/f4gtg\/couteaux\/wp-content\/uploads\/2023\/04\/A3-COUTEAU-300x225.jpg 300w, https:\/\/cfnccorgirnon.com\/f4gtg\/couteaux\/wp-content\/uploads\/2023\/04\/A3-COUTEAU-1024x768.jpg 1024w, https:\/\/cfnccorgirnon.com\/f4gtg\/couteaux\/wp-content\/uploads\/2023\/04\/A3-COUTEAU-1536x1152.jpg 1536w, https:\/\/cfnccorgirnon.com\/f4gtg\/couteaux\/wp-content\/uploads\/2023\/04\/A3-COUTEAU-160x120.jpg 160w, https:\/\/cfnccorgirnon.com\/f4gtg\/couteaux\/wp-content\/uploads\/2023\/04\/A3-COUTEAU.jpg 2048w\" sizes=\"auto, (max-width: 768px) 100vw, 768px\" \/><\/p>\n<p style=\"text-align: center;\">Le 03 mai 2023 forgeage cinqui\u00e8me\u00a0 lame avec une ligne d\u2019Argent pur baptis\u00e9e Argyros\u00a0 ( A4)<\/p>\n<p style=\"text-align: center;\"><img loading=\"lazy\" decoding=\"async\" class=\"aligncenter size-medium_large wp-image-443\" src=\"https:\/\/cfnccorgirnon.com\/f4gtg\/couteaux\/wp-content\/uploads\/2023\/05\/20230503_140101-768x576.jpg\" alt=\"\" width=\"768\" height=\"576\" srcset=\"https:\/\/cfnccorgirnon.com\/f4gtg\/couteaux\/wp-content\/uploads\/2023\/05\/20230503_140101-768x576.jpg 768w, https:\/\/cfnccorgirnon.com\/f4gtg\/couteaux\/wp-content\/uploads\/2023\/05\/20230503_140101-scaled-600x450.jpg 600w, https:\/\/cfnccorgirnon.com\/f4gtg\/couteaux\/wp-content\/uploads\/2023\/05\/20230503_140101-300x225.jpg 300w, https:\/\/cfnccorgirnon.com\/f4gtg\/couteaux\/wp-content\/uploads\/2023\/05\/20230503_140101-1024x768.jpg 1024w, https:\/\/cfnccorgirnon.com\/f4gtg\/couteaux\/wp-content\/uploads\/2023\/05\/20230503_140101-1536x1152.jpg 1536w, https:\/\/cfnccorgirnon.com\/f4gtg\/couteaux\/wp-content\/uploads\/2023\/05\/20230503_140101-2048x1536.jpg 2048w, https:\/\/cfnccorgirnon.com\/f4gtg\/couteaux\/wp-content\/uploads\/2023\/05\/20230503_140101-160x120.jpg 160w\" sizes=\"auto, (max-width: 768px) 100vw, 768px\" \/> <img loading=\"lazy\" decoding=\"async\" class=\"aligncenter size-medium_large wp-image-444\" src=\"https:\/\/cfnccorgirnon.com\/f4gtg\/couteaux\/wp-content\/uploads\/2023\/05\/20230503_140018-768x576.jpg\" alt=\"\" width=\"768\" height=\"576\" srcset=\"https:\/\/cfnccorgirnon.com\/f4gtg\/couteaux\/wp-content\/uploads\/2023\/05\/20230503_140018-768x576.jpg 768w, https:\/\/cfnccorgirnon.com\/f4gtg\/couteaux\/wp-content\/uploads\/2023\/05\/20230503_140018-scaled-600x450.jpg 600w, https:\/\/cfnccorgirnon.com\/f4gtg\/couteaux\/wp-content\/uploads\/2023\/05\/20230503_140018-300x225.jpg 300w, https:\/\/cfnccorgirnon.com\/f4gtg\/couteaux\/wp-content\/uploads\/2023\/05\/20230503_140018-1024x768.jpg 1024w, https:\/\/cfnccorgirnon.com\/f4gtg\/couteaux\/wp-content\/uploads\/2023\/05\/20230503_140018-1536x1152.jpg 1536w, https:\/\/cfnccorgirnon.com\/f4gtg\/couteaux\/wp-content\/uploads\/2023\/05\/20230503_140018-2048x1536.jpg 2048w, https:\/\/cfnccorgirnon.com\/f4gtg\/couteaux\/wp-content\/uploads\/2023\/05\/20230503_140018-160x120.jpg 160w\" sizes=\"auto, (max-width: 768px) 100vw, 768px\" \/><\/p>\n<p style=\"text-align: center;\">Tout ces essais jusqu\u2019\u00e0 la r\u00e9alisation finale ont co\u00fbt\u00e9 beaucoup d\u2019investissement tant personnel que financier,<\/p>\n<p style=\"text-align: center;\">mais qu\u2019elle satisfaction de r\u00e9ussir chaque projet jusqu\u2019\u00e0 l\u2019aboutissent pour le sandwich argent .<\/p>\n","protected":false},"excerpt":{"rendered":"<p>&nbsp; \u00a0\u00a0\u00a0\u00a0\u00a0\u00a0\u00a0\u00a0\u00a0\u00a0\u00a0 Tout \u00e0 commenc\u00e9 le 25 f\u00e9vrier \u00a02020 passionn\u00e9 de couteaux depuis bien longtemps manuel et autodidacte<\/p>\n","protected":false},"author":1,"featured_media":0,"parent":0,"menu_order":0,"comment_status":"closed","ping_status":"closed","template":"","meta":{"footnotes":""},"class_list":["post-265","page","type-page","status-publish","hentry"],"_links":{"self":[{"href":"https:\/\/cfnccorgirnon.com\/f4gtg\/couteaux\/index.php\/wp-json\/wp\/v2\/pages\/265","targetHints":{"allow":["GET"]}}],"collection":[{"href":"https:\/\/cfnccorgirnon.com\/f4gtg\/couteaux\/index.php\/wp-json\/wp\/v2\/pages"}],"about":[{"href":"https:\/\/cfnccorgirnon.com\/f4gtg\/couteaux\/index.php\/wp-json\/wp\/v2\/types\/page"}],"author":[{"embeddable":true,"href":"https:\/\/cfnccorgirnon.com\/f4gtg\/couteaux\/index.php\/wp-json\/wp\/v2\/users\/1"}],"replies":[{"embeddable":true,"href":"https:\/\/cfnccorgirnon.com\/f4gtg\/couteaux\/index.php\/wp-json\/wp\/v2\/comments?post=265"}],"version-history":[{"count":27,"href":"https:\/\/cfnccorgirnon.com\/f4gtg\/couteaux\/index.php\/wp-json\/wp\/v2\/pages\/265\/revisions"}],"predecessor-version":[{"id":454,"href":"https:\/\/cfnccorgirnon.com\/f4gtg\/couteaux\/index.php\/wp-json\/wp\/v2\/pages\/265\/revisions\/454"}],"wp:attachment":[{"href":"https:\/\/cfnccorgirnon.com\/f4gtg\/couteaux\/index.php\/wp-json\/wp\/v2\/media?parent=265"}],"curies":[{"name":"wp","href":"https:\/\/api.w.org\/{rel}","templated":true}]}}