{"id":203,"date":"2022-12-05T20:56:21","date_gmt":"2022-12-05T19:56:21","guid":{"rendered":"https:\/\/cfnccorgirnon.com\/f4gtg\/couteaux\/?page_id=203"},"modified":"2023-04-11T20:18:24","modified_gmt":"2023-04-11T18:18:24","slug":"disponible-acier-damas","status":"publish","type":"page","link":"https:\/\/cfnccorgirnon.com\/f4gtg\/couteaux\/index.php\/disponible-acier-damas\/","title":{"rendered":"Acier Damas pour Lames Disponible"},"content":{"rendered":"<ol>\n<li><img loading=\"lazy\" decoding=\"async\" class=\"wp-image-96 aligncenter\" src=\"https:\/\/cfnccorgirnon.com\/f4gtg\/couteaux\/wp-content\/uploads\/2022\/12\/20221204_150235-1-768x496.jpg\" alt=\"\" width=\"273\" height=\"189\" \/><\/li>\n<\/ol>\n<h4 style=\"text-align: center;\"><em>Fabrication de Coutellerie 2571Z<\/em><br \/>\n<em>Siret : 891 777 484 00017<\/em><\/h4>\n<h3 style=\"text-align: center;\">\u2014\u2014\u2014\u2014\u2014\u2014\u2014\u2014\u2014<\/h3>\n<h1 style=\"text-align: center;\"><em>Merci de me contacter pour le paiement et la disponibilit\u00e9\u00a0<\/em><\/h1>\n<h4 style=\"text-align: center;\"><em>Envoy\u00e9 moi par mail :<\/em><\/h4>\n<h4 style=\"text-align: center;\"><em>\u00a0Nom , Pr\u00e9nom, Adresse , Mail ,T\u00e9l\u00e9phone ,Puis\u00a0 la Ref de l&rsquo;article .<\/em><\/h4>\n<h4 style=\"text-align: center;\"><em>Les informations seront utilis\u00e9es\u00a0 \u00a0pour la facturation et l&rsquo;envoie.<\/em><\/h4>\n<h3 style=\"text-align: center;\"><em>Mail:\u00a0<a href=\"mailto:lescouteauxdetony.n@orange.fr\">lescouteauxdetony.n@orange.fr<\/a><\/em><\/h3>\n<h3 style=\"text-align: center;\">\u2014\u2014\u2014\u2014\u2014\u2014\u2014\u2014\u2014<\/h3>\n<p>&nbsp;<\/p>\n<p style=\"text-align: center;\">\u2014\u2014\u2014\u2014\u2014\u2014\u2014\u2014\u2014\u2014\u2014\u2014\u2014\u2014\u2014\u2014\u2014\u2014\u2014\u2014\u2014\u2014\u2014\u2014\u2014\u2014\u2014<\/p>\n<p style=\"text-align: center;\">\n<p style=\"text-align: center;\">\n","protected":false},"excerpt":{"rendered":"<p>Fabrication de Coutellerie 2571Z Siret : 891 777 484 00017 \u2014\u2014\u2014\u2014\u2014\u2014\u2014\u2014\u2014 Merci de me contacter pour le paiement<\/p>\n","protected":false},"author":1,"featured_media":0,"parent":0,"menu_order":0,"comment_status":"closed","ping_status":"closed","template":"","meta":{"footnotes":""},"class_list":["post-203","page","type-page","status-publish","hentry"],"_links":{"self":[{"href":"https:\/\/cfnccorgirnon.com\/f4gtg\/couteaux\/index.php\/wp-json\/wp\/v2\/pages\/203","targetHints":{"allow":["GET"]}}],"collection":[{"href":"https:\/\/cfnccorgirnon.com\/f4gtg\/couteaux\/index.php\/wp-json\/wp\/v2\/pages"}],"about":[{"href":"https:\/\/cfnccorgirnon.com\/f4gtg\/couteaux\/index.php\/wp-json\/wp\/v2\/types\/page"}],"author":[{"embeddable":true,"href":"https:\/\/cfnccorgirnon.com\/f4gtg\/couteaux\/index.php\/wp-json\/wp\/v2\/users\/1"}],"replies":[{"embeddable":true,"href":"https:\/\/cfnccorgirnon.com\/f4gtg\/couteaux\/index.php\/wp-json\/wp\/v2\/comments?post=203"}],"version-history":[{"count":37,"href":"https:\/\/cfnccorgirnon.com\/f4gtg\/couteaux\/index.php\/wp-json\/wp\/v2\/pages\/203\/revisions"}],"predecessor-version":[{"id":432,"href":"https:\/\/cfnccorgirnon.com\/f4gtg\/couteaux\/index.php\/wp-json\/wp\/v2\/pages\/203\/revisions\/432"}],"wp:attachment":[{"href":"https:\/\/cfnccorgirnon.com\/f4gtg\/couteaux\/index.php\/wp-json\/wp\/v2\/media?parent=203"}],"curies":[{"name":"wp","href":"https:\/\/api.w.org\/{rel}","templated":true}]}}